{"id":1760,"date":"2024-07-07T17:07:29","date_gmt":"2024-07-07T15:07:29","guid":{"rendered":"https:\/\/saldecoperu.com\/?post_type=product&#038;p=1760"},"modified":"2024-10-17T20:33:14","modified_gmt":"2024-10-18T01:33:14","slug":"hidroxido-de-cobre","status":"publish","type":"product","link":"https:\/\/saldecoperu.com\/es\/producto\/hidroxido-de-cobre\/","title":{"rendered":"Hidr\u00f3xido de Cobre"},"content":{"rendered":"<div class=\"wpb-content-wrapper\"><p>[vc_row full_width_css=\u00bbstretch_row_content_no_spaces_css\u00bb full_width=\u00bbstretch_row_content_no_spaces\u00bb no_padding=\u00bbyes\u00bb el_class=\u00bbtitle_banner-page d-desktop\u00bb conditional_render=\u00bb%5B%7B%22value_role%22%3A%22administrator%22%7D%5D\u00bb][vc_column]<div id=\"interactive-banner-wrap-oqvj\" class=\"porto-ibanner\" style=\"\"><img loading=\"lazy\" decoding=\"async\" alt=\"\" width=\"1920\" height=\"503\" class=\"porto-ibanner-img\" src=\"https:\/\/saldecoperu.com\/wp-content\/uploads\/2024\/07\/bg04.png\" srcset=\"https:\/\/saldecoperu.com\/wp-content\/uploads\/2024\/07\/bg04.png 1920w, https:\/\/saldecoperu.com\/wp-content\/uploads\/2024\/07\/bg04-1024x268.png 1024w, https:\/\/saldecoperu.com\/wp-content\/uploads\/2024\/07\/bg04-768x201.png 768w, https:\/\/saldecoperu.com\/wp-content\/uploads\/2024\/07\/bg04-1536x402.png 1536w, https:\/\/saldecoperu.com\/wp-content\/uploads\/2024\/07\/bg04-640x168.png 640w, https:\/\/saldecoperu.com\/wp-content\/uploads\/2024\/07\/bg04-400x105.png 400w, https:\/\/saldecoperu.com\/wp-content\/uploads\/2024\/07\/bg04-367x96.png 367w, https:\/\/saldecoperu.com\/wp-content\/uploads\/2024\/07\/bg04-600x157.png 600w\" sizes=\"auto, (max-width: 1920px) 100vw, 1920px\"><div class=\"porto-ibanner-desc no-padding d-flex\"><div class=\"porto-ibanner-layer wpb_custom_2c5109c031829f9c54153ed0e6239ff6 banner-pos-f6356757d4f73384a3f5bc65723ae83a\" style=\"width:90%;\">[vc_column_text css=\u00bb\u00bb]<\/p>\n<h2 style=\"text-align: center;\">Hidr\u00f3xido de Cobre<\/h2>\n<p>[\/vc_column_text]<style>.banner-pos-f6356757d4f73384a3f5bc65723ae83a {left: 50%;right: unset;top: 50%;bottom: unset;transform: translate(-50%, -50%);}<\/style><\/div><\/div><\/div>[\/vc_column][\/vc_row][vc_row full_width_css=\u00bbstretch_row_content_no_spaces_css\u00bb full_width=\u00bbstretch_row_content_no_spaces\u00bb no_padding=\u00bbyes\u00bb el_class=\u00bbtitle_banner-page d-movil\u00bb conditional_render=\u00bb%5B%7B%22value_role%22%3A%22administrator%22%7D%5D\u00bb][vc_column]<div id=\"interactive-banner-wrap-sexx\" class=\"porto-ibanner\" style=\"\"><img loading=\"lazy\" decoding=\"async\" alt=\"\" width=\"1242\" height=\"854\" class=\"porto-ibanner-img\" src=\"https:\/\/saldecoperu.com\/wp-content\/uploads\/2024\/07\/banner-producto-3-2.png\" srcset=\"https:\/\/saldecoperu.com\/wp-content\/uploads\/2024\/07\/banner-producto-3-2.png 1242w, https:\/\/saldecoperu.com\/wp-content\/uploads\/2024\/07\/banner-producto-3-2-1024x704.png 1024w, https:\/\/saldecoperu.com\/wp-content\/uploads\/2024\/07\/banner-producto-3-2-768x528.png 768w, https:\/\/saldecoperu.com\/wp-content\/uploads\/2024\/07\/banner-producto-3-2-640x440.png 640w, https:\/\/saldecoperu.com\/wp-content\/uploads\/2024\/07\/banner-producto-3-2-400x275.png 400w, https:\/\/saldecoperu.com\/wp-content\/uploads\/2024\/07\/banner-producto-3-2-367x252.png 367w, https:\/\/saldecoperu.com\/wp-content\/uploads\/2024\/07\/banner-producto-3-2-600x413.png 600w\" sizes=\"auto, (max-width: 1242px) 100vw, 1242px\"><div class=\"porto-ibanner-desc no-padding d-flex\"><div class=\"porto-ibanner-layer wpb_custom_2c5109c031829f9c54153ed0e6239ff6 banner-pos-f6356757d4f73384a3f5bc65723ae83a\" style=\"width:90%;\">[vc_column_text css=\u00bb\u00bb]<\/p>\n<h2 style=\"text-align: center;\">Hidr\u00f3xido de Cobre<\/h2>\n<p>[\/vc_column_text]<style>.banner-pos-f6356757d4f73384a3f5bc65723ae83a {left: 50%;right: unset;top: 50%;bottom: unset;transform: translate(-50%, -50%);}<\/style><\/div><\/div><\/div>[\/vc_column][\/vc_row][vc_row wrap_container=\u00bbyes\u00bb el_class=\u00bbrow-beneficios d-desktop\u00bb conditional_render=\u00bb%5B%7B%22value_role%22%3A%22administrator%22%7D%5D\u00bb css=\u00bb.vc_custom_1720134538123{padding-top: 50px !important;padding-bottom: 70px !important;}\u00bb][vc_column width=\u00bb1\/4&#8243;][vc_column_text css=\u00bb\u00bb el_class=\u00bbtext-beneficio\u00bb]<\/p>\n<h2 style=\"text-align: center;\">Acci\u00f3n<br \/>\nR\u00e1pida<\/h2>\n<p>Los iones de cobre se liberan r\u00e1pidamente, lo que permite un control efectivo y r\u00e1pido de enfermedades fungosas en los cultivos.[\/vc_column_text][\/vc_column][vc_column width=\u00bb1\/4&#8243;][vc_column_text css=\u00bb\u00bb el_class=\u00bbtext-beneficio\u00bb]<\/p>\n<h2 style=\"text-align: center;\">Eficacia<br \/>\nSobresaliente<\/h2>\n<p>Su tama\u00f1o de part\u00edcula \u00f3ptimo, alta suspensibilidad y fuerte adherencia proporcionan una cobertura foliar superior, garantizando una protecci\u00f3n altamente efectiva.[\/vc_column_text][\/vc_column][vc_column width=\u00bb1\/4&#8243;][vc_column_text css=\u00bb\u00bb el_class=\u00bbtext-beneficio text-unalinea\u00bb]<\/p>\n<h2 style=\"text-align: center;\">Compatibilidad<\/h2>\n<p>Pueden ser mezclados con otros productos agr\u00edcolas para mejorar su eficacia y adaptarse a diferentes necesidades de manejo de cultivos.[\/vc_column_text][\/vc_column][vc_column width=\u00bb1\/4&#8243;][vc_column_text css=\u00bb\u00bb el_class=\u00bbtext-beneficio\u00bb]<\/p>\n<h2 style=\"text-align: center;\">Durabilidad frente<br \/>\nal Lavado<\/h2>\n<p>Una vez aplicado, permanece fuertemente adherido a la planta, resistiendo el lavado tanto por lluvia como por riego por aspersi\u00f3n.[\/vc_column_text][\/vc_column][\/vc_row][vc_row wrap_container=\u00bbyes\u00bb no_padding=\u00bbyes\u00bb el_class=\u00bbrow-beneficios d-movil\u00bb conditional_render=\u00bb%5B%7B%22value_role%22%3A%22administrator%22%7D%5D\u00bb css=\u00bb.vc_custom_1720135509078{padding-top: 20px !important;padding-bottom: 20px !important;}\u00bb][vc_column][vc_accordion active_tab=\u00bb1&#8243; collapsible=\u00bbyes\u00bb el_class=\u00bbacordeon-beneficios\u00bb][vc_accordion_tab title=\u00bbAcci\u00f3n R\u00e1pida\u00bb][vc_column_text css=\u00bb\u00bb el_class=\u00bbtext-beneficio\u00bb]Los iones de cobre se liberan r\u00e1pidamente, lo que permite un control efectivo y r\u00e1pido de enfermedades fungosas en los cultivos.<\/p>\n<p>[\/vc_column_text][\/vc_accordion_tab][vc_accordion_tab title=\u00bbEficacia Sobresaliente\u00bb][vc_column_text css=\u00bb\u00bb el_class=\u00bbtext-beneficio\u00bb]Su tama\u00f1o de part\u00edcula \u00f3ptimo, alta suspensibilidad y fuerte adherencia proporcionan una cobertura foliar superior, garantizando una protecci\u00f3n altamente efectiva.[\/vc_column_text][\/vc_accordion_tab][vc_accordion_tab title=\u00bbCompatibilidad\u00bb][vc_column_text css=\u00bb\u00bb el_class=\u00bbtext-beneficio\u00bb]Pueden ser mezclados con otros productos agr\u00edcolas para mejorar su eficacia y adaptarse a diferentes necesidades de manejo de cultivos.[\/vc_column_text][\/vc_accordion_tab][vc_accordion_tab title=\u00bbDurabilidad frente al Lavado\u00bb][vc_column_text css=\u00bb\u00bb el_class=\u00bbtext-beneficio\u00bb]Una vez aplicado, permanece fuertemente adherido a la planta, resistiendo el lavado tanto por lluvia como por riego por aspersi\u00f3n.[\/vc_column_text][\/vc_accordion_tab][\/vc_accordion][\/vc_column][\/vc_row][vc_row wrap_container=\u00bbyes\u00bb equal_height=\u00bbyes\u00bb el_class=\u00bbrow-valores row-info-product\u00bb conditional_render=\u00bb%5B%7B%22value_role%22%3A%22administrator%22%7D%5D\u00bb css=\u00bb.vc_custom_1720510347280{padding-bottom: 50px !important;}\u00bb][vc_column width=\u00bb1\/2&#8243; css=\u00bb.vc_custom_1720187188600{background-color: #f2f0e4 !important;border-radius: 20px !important;}\u00bb conditional_render=\u00bb%5B%7B%22value_role%22%3A%22administrator%22%7D%5D\u00bb el_class=\u00bbbox-tab\u00bb][vc_tour el_class=\u00bbtabs-valores\u00bb][vc_tab title=\u00bbHidromicron T\u00e9cnico\u00bb tab_id=\u00bb5dbd5a66-d4bb-10&#8243;][vc_column_text css=\u00bb\u00bb el_class=\u00bbdatos-producto\u00bb]<\/p>\n<ul>\n<li><strong>Composici\u00f3n<\/strong><br \/>\nHidr\u00f3xido de Cobre T\u00e9cnico 60% Cu<\/li>\n<li><strong>Color<\/strong><br \/>\nCeleste<\/li>\n<li><strong>Presentaciones<\/strong><br \/>\n20kg<br \/>\nBig Bags<\/li>\n<li><strong>Formulaci\u00f3n<\/strong><br \/>\nPara hacer formulaciones agr\u00edcolas<\/li>\n<\/ul>\n<p>[\/vc_column_text][vc_single_image image=\u00bb4223&#8243; img_size=\u00bbfull\u00bb alignment=\u00bbcenter\u00bb css=\u00bb.vc_custom_1728955728781{margin-bottom: 0px !important;}\u00bb][\/vc_tab][vc_tab title=\u00bbHidromicron 50 WP\u00bb tab_id=\u00bb1721451483562-1-4&#8243;][vc_column_text css=\u00bb\u00bb el_class=\u00bbdatos-producto\u00bb]<\/p>\n<ul>\n<li><strong>Composici\u00f3n<\/strong><br \/>\nHidr\u00f3xido de Cobre WP 50% CU<\/li>\n<li><strong>Color<\/strong><br \/>\nCeleste<\/li>\n<li><strong>Presentaciones<\/strong><br \/>\n1kg<br \/>\n20kg<br \/>\nBig Bags<\/li>\n<li><strong>Formulaci\u00f3n<\/strong><br \/>\nPolvo dispersable en agua<\/li>\n<\/ul>\n<p>[\/vc_column_text][vc_single_image image=\u00bb4219&#8243; img_size=\u00bbfull\u00bb alignment=\u00bbcenter\u00bb css=\u00bb.vc_custom_1728955743463{margin-bottom: 0px !important;}\u00bb][\/vc_tab][vc_tab title=\u00bbHidromicron 35 WP\u00bb tab_id=\u00bb1721451485819-2-2&#8243;][vc_column_text css=\u00bb\u00bb el_class=\u00bbdatos-producto\u00bb]<\/p>\n<ul>\n<li><strong>Composici\u00f3n<\/strong><br \/>\nHidr\u00f3xido de Cobre WP 35% CU<\/li>\n<li><strong>Color<\/strong><br \/>\nCeleste<\/li>\n<li><strong>Presentaciones<\/strong><br \/>\n1kg<br \/>\n20kg<br \/>\nBig Bags<\/li>\n<li><strong>Formulaci\u00f3n<\/strong><br \/>\nPolvo dispersable en agua<\/li>\n<\/ul>\n<p>[\/vc_column_text][vc_single_image image=\u00bb4217&#8243; img_size=\u00bbfull\u00bb alignment=\u00bbcenter\u00bb css=\u00bb.vc_custom_1728955755877{margin-bottom: 0px !important;}\u00bb][\/vc_tab][vc_tab title=\u00bbHidromicron 50 WP Azul\u00bb tab_id=\u00bb1721451487462-3-10&#8243;][vc_column_text css=\u00bb\u00bb el_class=\u00bbdatos-producto\u00bb]<\/p>\n<ul>\n<li><strong>Composici\u00f3n<\/strong><br \/>\nHidr\u00f3xido de Cobre WP 50% CU Azul<\/li>\n<li><strong>Color<\/strong><br \/>\nAzul<\/li>\n<li><strong>Presentaciones<\/strong><br \/>\n1kg<br \/>\n20kg<br \/>\nBig Bags<\/li>\n<li><strong>Formulaci\u00f3n<\/strong><br \/>\nPolvo dispersable en agua<\/li>\n<\/ul>\n<p>[\/vc_column_text][vc_single_image image=\u00bb4221&#8243; img_size=\u00bbfull\u00bb alignment=\u00bbcenter\u00bb css=\u00bb.vc_custom_1728955774302{margin-bottom: 0px !important;}\u00bb][\/vc_tab][vc_tab title=\u00bbHidromicron 35 WP Azul\u00bb tab_id=\u00bb1721451504879-4-2&#8243;][vc_column_text css=\u00bb\u00bb el_class=\u00bbdatos-producto\u00bb]<\/p>\n<ul>\n<li><strong>Composici\u00f3n<\/strong><br \/>\nHidr\u00f3xido de Cobre WP 35% CU Azul<\/li>\n<li><strong>Color<\/strong><br \/>\nAzul<\/li>\n<li><strong>Presentaciones<\/strong><br \/>\n1kg<br \/>\n20kg<br \/>\nBig Bags<\/li>\n<li><strong>Formulaci\u00f3n<\/strong><br \/>\nPolvo dispersable en agua<\/li>\n<\/ul>\n<p>[\/vc_column_text][vc_single_image image=\u00bb4215&#8243; img_size=\u00bbfull\u00bb alignment=\u00bbcenter\u00bb css=\u00bb.vc_custom_1728955794873{margin-bottom: 0px !important;}\u00bb][\/vc_tab][\/vc_tour][\/vc_column][vc_column width=\u00bb1\/2&#8243;][\/vc_column][\/vc_row][vc_row wrap_container=\u00bbyes\u00bb equal_height=\u00bbyes\u00bb disable_element=\u00bbyes\u00bb el_class=\u00bbrow-valores row-info-product\u00bb conditional_render=\u00bb%5B%7B%22value_role%22%3A%22administrator%22%7D%5D\u00bb css=\u00bb.vc_custom_1721442535217{padding-bottom: 50px !important;}\u00bb][vc_column width=\u00bb1\/2&#8243; css=\u00bb.vc_custom_1720187188600{background-color: #f2f0e4 !important;border-radius: 20px !important;}\u00bb conditional_render=\u00bb%5B%7B%22value_role%22%3A%22administrator%22%7D%5D\u00bb el_class=\u00bbbox-tab\u00bb][vc_tour el_class=\u00bbtabs-valores\u00bb][vc_tab title=\u00bbHidr\u00f3xido de Cobre T\u00e9cnico\u00bb tab_id=\u00bb5dbd5a66-d4bb-10&#8243;][vc_column_text css=\u00bb\u00bb el_class=\u00bbtext-tab\u00bb]En Saldeco, nuestros valores de Calidad, Transparencia, Responsabilidad y \u00c9tica son la piedra angular de c\u00f3mo operamos, guiando nuestras decisiones y acciones para asegurar relaciones s\u00f3lidas y sostenibles con nuestros clientes.[\/vc_column_text][vc_single_image image=\u00bb1230&#8243; img_size=\u00bbfull\u00bb alignment=\u00bbcenter\u00bb css=\u00bb.vc_custom_1720537852693{margin-bottom: 0px !important;}\u00bb][\/vc_tab][vc_tab title=\u00bbHidr\u00f3xido de Cobre 50% WP\u00bb tab_id=\u00bb1718924843980-2-2&#8243;][vc_column_text css=\u00bb\u00bb el_class=\u00bbtext-tab\u00bb]It is a long established fact that a reader will be distracted by the readable content of a page when looking at its layout. The point of using Lorem Ipsum is that it has a more-or-less normal distribution of letters, as opposed to using Content here, content here, making it look like readable English.[\/vc_column_text][vc_single_image image=\u00bb1748&#8243; img_size=\u00bbfull\u00bb css=\u00bb\u00bb][\/vc_tab][vc_tab title=\u00bbHidr\u00f3xido de Cobre 35% WP\u00bb tab_id=\u00bb1718925133676-2-5&#8243;][vc_column_text css=\u00bb\u00bb el_class=\u00bbtext-tab\u00bb]Lorem Ipsum is simply dummy text of the printing and typesetting industry. Lorem Ipsum has been the industry&#8217;s standard dummy text ever since the 1500s, when an unknown printer took a galley of type and scrambled it to make a type specimen book.[\/vc_column_text][vc_single_image image=\u00bb1750&#8243; img_size=\u00bbfull\u00bb css=\u00bb\u00bb][\/vc_tab][\/vc_tour][\/vc_column][vc_column width=\u00bb1\/2&#8243;][\/vc_column][\/vc_row][vc_row full_width_css=\u00bbstretch_row_content_no_spaces_css\u00bb full_width=\u00bbstretch_row_content_no_spaces\u00bb no_padding=\u00bbyes\u00bb el_class=\u00bbrow-banner2 d-desktop\u00bb conditional_render=\u00bb%5B%7B%22value_role%22%3A%22administrator%22%7D%5D\u00bb][vc_column]<div id=\"interactive-banner-wrap-3agu\" class=\"porto-ibanner vc_custom_1720132494666\" style=\"min-height:300px;\"><img loading=\"lazy\" decoding=\"async\" alt=\"\" width=\"1920\" height=\"706\" class=\"porto-ibanner-img\" src=\"https:\/\/saldecoperu.com\/wp-content\/uploads\/2024\/07\/bg-2.png\" srcset=\"https:\/\/saldecoperu.com\/wp-content\/uploads\/2024\/07\/bg-2.png 1920w, https:\/\/saldecoperu.com\/wp-content\/uploads\/2024\/07\/bg-2-1024x377.png 1024w, https:\/\/saldecoperu.com\/wp-content\/uploads\/2024\/07\/bg-2-1536x565.png 1536w\" sizes=\"auto, (max-width: 1920px) 100vw, 1920px\"><div class=\"porto-ibanner-desc no-padding d-flex\"><div class=\"porto-ibanner-layer wpb_custom_2c5109c031829f9c54153ed0e6239ff6 banner-pos-23263caec78a33be6183412dcc2f8d49\">[vc_column_text css=\u00bb\u00bb el_class=\u00bbtitle-banner\u00bb]<\/p>\n<h2>Realiza tu pedido con la ayuda<br \/>\nde nuestros asesores<\/h2>\n<p>[\/vc_column_text][vc_btn title=\u00bbCONT\u00c1CTANOS\u00bb css=\u00bb\u00bb link=\u00bburl:https%3A%2F%2Fsaldecoperu.com%2Fes%2Fcontacto%2F\u00bb el_class=\u00bbbtn-action\u00bb]<style>.banner-pos-23263caec78a33be6183412dcc2f8d49 {left:8%;right: unset;top: 50%;bottom: unset;transform: translateY(-50%);}<\/style><\/div><\/div><\/div>[\/vc_column][\/vc_row][vc_row full_width_css=\u00bbstretch_row_content_no_spaces_css\u00bb full_width=\u00bbstretch_row_content_no_spaces\u00bb no_padding=\u00bbyes\u00bb el_class=\u00bbrow-banner2 d-movil\u00bb conditional_render=\u00bb%5B%7B%22value_role%22%3A%22administrator%22%7D%5D\u00bb][vc_column]<div id=\"interactive-banner-wrap-qqce\" class=\"porto-ibanner vc_custom_1723012387966\" style=\"min-height:300px;\"><img loading=\"lazy\" decoding=\"async\" alt=\"\" width=\"1242\" height=\"873\" class=\"porto-ibanner-img\" src=\"https:\/\/saldecoperu.com\/wp-content\/uploads\/2024\/07\/banner-page-3-3.png\" srcset=\"https:\/\/saldecoperu.com\/wp-content\/uploads\/2024\/07\/banner-page-3-3.png 1242w, https:\/\/saldecoperu.com\/wp-content\/uploads\/2024\/07\/banner-page-3-3-1024x720.png 1024w, https:\/\/saldecoperu.com\/wp-content\/uploads\/2024\/07\/banner-page-3-3-768x540.png 768w, https:\/\/saldecoperu.com\/wp-content\/uploads\/2024\/07\/banner-page-3-3-640x450.png 640w, https:\/\/saldecoperu.com\/wp-content\/uploads\/2024\/07\/banner-page-3-3-600x422.png 600w\" sizes=\"auto, (max-width: 1242px) 100vw, 1242px\"><div class=\"porto-ibanner-desc no-padding d-flex\"><div class=\"porto-ibanner-layer wpb_custom_2c5109c031829f9c54153ed0e6239ff6 banner-pos-23263caec78a33be6183412dcc2f8d49\">[vc_column_text css=\u00bb\u00bb el_class=\u00bbtitle-banner\u00bb]<\/p>\n<h2>Realiza tu pedido<br \/>\ncon la ayuda de<br \/>\nnuestros asesores<\/h2>\n<p>[\/vc_column_text][vc_btn title=\u00bbCONT\u00c1CTANOS\u00bb css=\u00bb\u00bb link=\u00bburl:https%3A%2F%2Fsaldecoperu.com%2Fes%2Fcontacto%2F\u00bb el_class=\u00bbbtn-action\u00bb]<style>.banner-pos-23263caec78a33be6183412dcc2f8d49 {left:8%;right: unset;top: 50%;bottom: unset;transform: translateY(-50%);}<\/style><\/div><\/div><\/div>[\/vc_column][\/vc_row]<\/p>\n<\/div>","protected":false},"excerpt":{"rendered":"<p>Las formulaciones basadas en hidr\u00f3xido de cobre son ampliamente utilizadas en agricultura. Esta sal se caracteriza principalmente por su rapidez de acci\u00f3n. Los iones de cobre se liberan muy r\u00e1pidamente, lo que asegura una acci\u00f3n fungicida altamente eficaz.<\/p>\n","protected":false},"featured_media":0,"comment_status":"open","ping_status":"closed","template":"","meta":[],"product_cat":[61,62,64,63,45,46],"product_tag":[],"class_list":{"0":"post-1760","1":"product","2":"type-product","3":"status-publish","5":"product_cat-arboreos","6":"product_cat-berries","7":"product_cat-coniferas","8":"product_cat-cultivos-de-campo","9":"product_cat-frutales-de-hueso","10":"product_cat-frutales-de-pepita","12":"first","13":"instock","14":"shipping-taxable","15":"product-type-simple"},"yoast_head":"<!-- This site is optimized with the Yoast SEO plugin v23.6 - https:\/\/yoast.com\/wordpress\/plugins\/seo\/ -->\n<title>Hidr\u00f3xido de Cobre &#8211; Saldeco<\/title>\n<meta name=\"robots\" content=\"index, follow, max-snippet:-1, max-image-preview:large, max-video-preview:-1\" \/>\n<link rel=\"canonical\" href=\"https:\/\/saldecoperu.com\/es\/producto\/hidroxido-de-cobre\/\" \/>\n<meta property=\"og:locale\" content=\"es_ES\" \/>\n<meta property=\"og:type\" content=\"article\" \/>\n<meta property=\"og:title\" content=\"Hidr\u00f3xido de Cobre &#8211; Saldeco\" \/>\n<meta property=\"og:description\" content=\"Las formulaciones basadas en hidr\u00f3xido de cobre son ampliamente utilizadas en agricultura. Esta sal se caracteriza principalmente por su rapidez de acci\u00f3n. Los iones de cobre se liberan muy r\u00e1pidamente, lo que asegura una acci\u00f3n fungicida altamente eficaz.\" \/>\n<meta property=\"og:url\" content=\"https:\/\/saldecoperu.com\/es\/producto\/hidroxido-de-cobre\/\" \/>\n<meta property=\"og:site_name\" content=\"Saldeco\" \/>\n<meta property=\"article:modified_time\" content=\"2024-10-18T01:33:14+00:00\" \/>\n<meta name=\"twitter:card\" content=\"summary_large_image\" \/>\n<meta name=\"twitter:label1\" content=\"Tiempo de lectura\" \/>\n\t<meta name=\"twitter:data1\" content=\"6 minutos\" \/>\n<script type=\"application\/ld+json\" class=\"yoast-schema-graph\">{\"@context\":\"https:\/\/schema.org\",\"@graph\":[{\"@type\":\"WebPage\",\"@id\":\"https:\/\/saldecoperu.com\/es\/producto\/hidroxido-de-cobre\/\",\"url\":\"https:\/\/saldecoperu.com\/es\/producto\/hidroxido-de-cobre\/\",\"name\":\"Hidr\u00f3xido de Cobre &#8211; Saldeco\",\"isPartOf\":{\"@id\":\"https:\/\/saldecoperu.com\/#website\"},\"datePublished\":\"2024-07-07T15:07:29+00:00\",\"dateModified\":\"2024-10-18T01:33:14+00:00\",\"breadcrumb\":{\"@id\":\"https:\/\/saldecoperu.com\/es\/producto\/hidroxido-de-cobre\/#breadcrumb\"},\"inLanguage\":\"es\",\"potentialAction\":[{\"@type\":\"ReadAction\",\"target\":[\"https:\/\/saldecoperu.com\/es\/producto\/hidroxido-de-cobre\/\"]}]},{\"@type\":\"BreadcrumbList\",\"@id\":\"https:\/\/saldecoperu.com\/es\/producto\/hidroxido-de-cobre\/#breadcrumb\",\"itemListElement\":[{\"@type\":\"ListItem\",\"position\":1,\"name\":\"Home\",\"item\":\"https:\/\/saldecoperu.com\/es\/\"},{\"@type\":\"ListItem\",\"position\":2,\"name\":\"Productos\",\"item\":\"https:\/\/saldecoperu.com\/es\/productos\/\"},{\"@type\":\"ListItem\",\"position\":3,\"name\":\"Hidr\u00f3xido de Cobre\"}]},{\"@type\":\"WebSite\",\"@id\":\"https:\/\/saldecoperu.com\/#website\",\"url\":\"https:\/\/saldecoperu.com\/\",\"name\":\"Salcedo Per\u00fa\",\"description\":\"\",\"alternateName\":\"Salcedo Per\u00fa\",\"potentialAction\":[{\"@type\":\"SearchAction\",\"target\":{\"@type\":\"EntryPoint\",\"urlTemplate\":\"https:\/\/saldecoperu.com\/?s={search_term_string}\"},\"query-input\":{\"@type\":\"PropertyValueSpecification\",\"valueRequired\":true,\"valueName\":\"search_term_string\"}}],\"inLanguage\":\"es\"}]}<\/script>\n<!-- \/ Yoast SEO plugin. -->","yoast_head_json":{"title":"Hidr\u00f3xido de Cobre &#8211; Saldeco","robots":{"index":"index","follow":"follow","max-snippet":"max-snippet:-1","max-image-preview":"max-image-preview:large","max-video-preview":"max-video-preview:-1"},"canonical":"https:\/\/saldecoperu.com\/es\/producto\/hidroxido-de-cobre\/","og_locale":"es_ES","og_type":"article","og_title":"Hidr\u00f3xido de Cobre &#8211; Saldeco","og_description":"Las formulaciones basadas en hidr\u00f3xido de cobre son ampliamente utilizadas en agricultura. Esta sal se caracteriza principalmente por su rapidez de acci\u00f3n. Los iones de cobre se liberan muy r\u00e1pidamente, lo que asegura una acci\u00f3n fungicida altamente eficaz.","og_url":"https:\/\/saldecoperu.com\/es\/producto\/hidroxido-de-cobre\/","og_site_name":"Saldeco","article_modified_time":"2024-10-18T01:33:14+00:00","twitter_card":"summary_large_image","twitter_misc":{"Tiempo de lectura":"6 minutos"},"schema":{"@context":"https:\/\/schema.org","@graph":[{"@type":"WebPage","@id":"https:\/\/saldecoperu.com\/es\/producto\/hidroxido-de-cobre\/","url":"https:\/\/saldecoperu.com\/es\/producto\/hidroxido-de-cobre\/","name":"Hidr\u00f3xido de Cobre &#8211; Saldeco","isPartOf":{"@id":"https:\/\/saldecoperu.com\/#website"},"datePublished":"2024-07-07T15:07:29+00:00","dateModified":"2024-10-18T01:33:14+00:00","breadcrumb":{"@id":"https:\/\/saldecoperu.com\/es\/producto\/hidroxido-de-cobre\/#breadcrumb"},"inLanguage":"es","potentialAction":[{"@type":"ReadAction","target":["https:\/\/saldecoperu.com\/es\/producto\/hidroxido-de-cobre\/"]}]},{"@type":"BreadcrumbList","@id":"https:\/\/saldecoperu.com\/es\/producto\/hidroxido-de-cobre\/#breadcrumb","itemListElement":[{"@type":"ListItem","position":1,"name":"Home","item":"https:\/\/saldecoperu.com\/es\/"},{"@type":"ListItem","position":2,"name":"Productos","item":"https:\/\/saldecoperu.com\/es\/productos\/"},{"@type":"ListItem","position":3,"name":"Hidr\u00f3xido de Cobre"}]},{"@type":"WebSite","@id":"https:\/\/saldecoperu.com\/#website","url":"https:\/\/saldecoperu.com\/","name":"Salcedo Per\u00fa","description":"","alternateName":"Salcedo Per\u00fa","potentialAction":[{"@type":"SearchAction","target":{"@type":"EntryPoint","urlTemplate":"https:\/\/saldecoperu.com\/?s={search_term_string}"},"query-input":{"@type":"PropertyValueSpecification","valueRequired":true,"valueName":"search_term_string"}}],"inLanguage":"es"}]}},"_links":{"self":[{"href":"https:\/\/saldecoperu.com\/es\/wp-json\/wp\/v2\/product\/1760","targetHints":{"allow":["GET"]}}],"collection":[{"href":"https:\/\/saldecoperu.com\/es\/wp-json\/wp\/v2\/product"}],"about":[{"href":"https:\/\/saldecoperu.com\/es\/wp-json\/wp\/v2\/types\/product"}],"replies":[{"embeddable":true,"href":"https:\/\/saldecoperu.com\/es\/wp-json\/wp\/v2\/comments?post=1760"}],"wp:attachment":[{"href":"https:\/\/saldecoperu.com\/es\/wp-json\/wp\/v2\/media?parent=1760"}],"wp:term":[{"taxonomy":"product_cat","embeddable":true,"href":"https:\/\/saldecoperu.com\/es\/wp-json\/wp\/v2\/product_cat?post=1760"},{"taxonomy":"product_tag","embeddable":true,"href":"https:\/\/saldecoperu.com\/es\/wp-json\/wp\/v2\/product_tag?post=1760"}],"curies":[{"name":"wp","href":"https:\/\/api.w.org\/{rel}","templated":true}]}}