{"id":1184,"date":"2024-07-04T05:56:34","date_gmt":"2024-07-04T03:56:34","guid":{"rendered":"https:\/\/saldecoperu.com\/?page_id=1184"},"modified":"2024-08-14T07:15:46","modified_gmt":"2024-08-14T05:15:46","slug":"politica-de-privacidad","status":"publish","type":"page","link":"https:\/\/saldecoperu.com\/es\/politica-de-privacidad\/","title":{"rendered":"Pol\u00edtica de Privacidad"},"content":{"rendered":"<div class=\"wpb-content-wrapper\"><p>[vc_row el_class=\u00bbinfo-legal\u00bb conditional_render=\u00bb%5B%7B%22value_role%22%3A%22administrator%22%7D%5D\u00bb][vc_column][vc_column_text css=\u00bb\u00bb]<\/p>\n<h2>Pol\u00edtica de Privacidad<\/h2>\n<p>[\/vc_column_text][vc_column_text css=\u00bb\u00bb]Este aviso de privacidad (\u00abAviso\u00bb) identifica caracter\u00edsticas importantes de la Pol\u00edtica de Privacidad de Saldeco, tambi\u00e9n referida como \u00abnosotros\u00bb o \u00abnos\u00bb. Este Aviso resume en t\u00e9rminos generales los derechos y obligaciones de nuestros clientes, miembros y otros visitantes de nuestro sitio web o aquellos que interact\u00faan de alguna manera con nosotros (\u00abusted\u00bb), as\u00ed como los derechos y obligaciones propios de Saldeco; delinea la base en la cual obtenemos, procesamos, almacenamos y eliminamos la informaci\u00f3n personal que recopilamos de usted.<\/p>\n<p>Como recomiendan muchos reguladores, Saldeco sigue un enfoque \u00abpor capas\u00bb para explicar nuestras pr\u00e1cticas de privacidad, y este Aviso le proporciona un resumen de informaci\u00f3n clave.<\/p>\n<h3>1. Este Aviso Resume<\/h3>\n<p>&#8211; La informaci\u00f3n que podemos recopilar de usted.<br \/>\n&#8211; C\u00f3mo la utilizamos.<br \/>\n&#8211; Con qui\u00e9n la compartimos.<br \/>\n&#8211; C\u00f3mo la almacenamos.<br \/>\n&#8211; Sus derechos en esa informaci\u00f3n, incluidos sus derechos para verla y corregirla.<\/p>\n<h3>2. Informaci\u00f3n que Recopilamos de Usted<\/h3>\n<p>Para que Saldeco pueda brindarle servicios, debemos recopilar cierta informaci\u00f3n de usted. Esto incluye:<\/p>\n<p>&#8211; Informaci\u00f3n que nos proporciona cada vez que solicita un producto o servicio con Saldeco, solicita cambios en su servicio o se comunica con nosotros sobre su cuenta o transacciones (ya sea en l\u00ednea, por correo electr\u00f3nico, chat electr\u00f3nico, conversaci\u00f3n telef\u00f3nica o cualquier otro medio).<br \/>\n&#8211; Informaci\u00f3n que recopilamos de sus visitas a nuestro sitio web, ya sea que abra una cuenta o realice una transacci\u00f3n con nosotros, incluida su geolocalizaci\u00f3n, tipo de equipo, frecuencia y duraci\u00f3n de las visitas, y otros detalles sobre su interacci\u00f3n electr\u00f3nica con nosotros.<br \/>\n&#8211; Informaci\u00f3n que obtenemos a trav\u00e9s de su uso de nuestros servicios y su participaci\u00f3n en nuestras programas de marketing u otros programas de captaci\u00f3n y retenci\u00f3n de clientes.<\/p>\n<h3>3. C\u00f3mo Utilizamos su Informaci\u00f3n<\/h3>\n<p>Utilizamos su informaci\u00f3n principalmente para ayudarnos a proporcionar los servicios que usted solicita. Por ejemplo, utilizamos la informaci\u00f3n de su cuenta bancaria que proporciona para permitirle realizar compras en nuestros sitios y p\u00e1ginas web, y utilizamos la informaci\u00f3n sobre los comerciantes y otros clientes a quienes desea enviar dinero para cumplir con su transacci\u00f3n.<\/p>\n<p>Tambi\u00e9n podemos utilizar esta informaci\u00f3n para contactarlo acerca de su cuenta, su uso de los servicios de Saldeco, para alertarlo sobre posibles problemas y para responder a sus preguntas. Esta informaci\u00f3n tambi\u00e9n nos ayuda a crear programas de marketing y otros que puedan resultar interesantes para usted, y a contactarlo al respecto.<\/p>\n<p>Seg\u00fan lo requerido por la ley, utilizamos su informaci\u00f3n para ayudar a identificar y detectar el lavado de dinero, el fraude y otros abusos del sistema financiero.<\/p>\n<h3>4. C\u00f3mo Compartimos su Informaci\u00f3n<\/h3>\n<p>Podemos compartir su informaci\u00f3n entre nuestras afiliadas (es decir, empresas que comparten nuestra propiedad) y con miembros de nuestra red de Proveedores de Servicios de Terceros, quienes nos ayudan a registrar y procesar sus transacciones. Tambi\u00e9n podemos compartir su informaci\u00f3n con agencias de informes crediticios, bancos, procesadores de tarjetas, servicios de verificaci\u00f3n de identidad y otras organizaciones, pero solo para brindarle los servicios que solicita. Tambi\u00e9n podemos proporcionar su informaci\u00f3n a agencias gubernamentales, reguladores, tribunales y otros terceros para ayudar a prevenir el crimen o protegernos a nosotros mismos o a nuestros clientes.<\/p>\n<p>De vez en cuando, podemos desarrollar tipolog\u00edas que se basan en c\u00f3mo usted y otros clientes utilizan nuestro servicio. Sin embargo, esas tipolog\u00edas no contienen informaci\u00f3n personal identificable para usted. Podemos compartir esas tipolog\u00edas con empresas de redes sociales y anunciantes para ayudarnos a comercializar nuestros servicios.<\/p>\n<h3>5. Almacenamiento de Datos y Seguridad<\/h3>\n<p>Saldeco se asegurar\u00e1 de que su informaci\u00f3n est\u00e9 protegida en todo momento con el mismo nivel de seguridad que recibe aqu\u00ed.<\/p>\n<p>Una vez que recibimos su informaci\u00f3n, la almacenamos con cifrado, protocolos de seguridad de la informaci\u00f3n, dispositivos de protecci\u00f3n de datos y otros medios para ayudarnos a garantizar que estamos manteniendo su informaci\u00f3n de manera responsable y cumpliendo con la ley. Sin embargo, ninguna informaci\u00f3n que circule por Internet es completamente segura. Aunque hacemos nuestro mejor esfuerzo para salvaguardar su informaci\u00f3n, no podemos garantizar su seguridad contra hackeos y accesos no autorizados. Si ocurriera un evento as\u00ed, nos pondremos en contacto con usted de inmediato y lo mantendremos informado sobre el incidente.<\/p>\n<h3>6. Sus Derechos<\/h3>\n<p>Usted tiene ciertos derechos para ver, corregir, actualizar o eliminar la informaci\u00f3n personal que nos ha proporcionado. Sus derechos dependen de donde viva. Debido a que los servicios y\/o productos de Saldeco pueden estar regulados por varias agencias estatales y federales, es posible que tengamos la obligaci\u00f3n de retener y informar su informaci\u00f3n personal, incluso despu\u00e9s de haber dejado de hacer negocios con nosotros.<\/p>\n<h3>7. Cambios en Nuestra Pol\u00edtica de Privacidad<\/h3>\n<p>Publicaremos cualquier cambio en nuestro Aviso de Privacidad de inmediato en nuestro sitio web. No todos los cambios pueden resultar en una actualizaci\u00f3n de este Aviso, que es solo un resumen para ayudarlo a comprender c\u00f3mo usamos su informaci\u00f3n.<\/p>\n<h3>8. C\u00f3mo Contactarnos<\/h3>\n<p>Puede ponerse en contacto con nosotros en cualquier momento para obtener m\u00e1s informaci\u00f3n sobre nuestras pol\u00edticas de privacidad en <a href=\"mailto:info@saldeco.com\">info@saldeco.com<\/a>, durante el horario comercial normal seg\u00fan se indica en nuestro sitio web.<\/p>\n<p>Gracias por confiar en Saldeco.[\/vc_column_text][\/vc_column][\/vc_row]<\/p>\n<\/div>","protected":false},"excerpt":{"rendered":"<p>[vc_row el_class=\u00bbinfo-legal\u00bb conditional_render=\u00bb%5B%7B%22value_role%22%3A%22administrator%22%7D%5D\u00bb][vc_column][vc_column_text css=\u00bb\u00bb] Pol\u00edtica de Privacidad [\/vc_column_text][vc_column_text css=\u00bb\u00bb]Este aviso de privacidad (\u00abAviso\u00bb) identifica caracter\u00edsticas importantes de la Pol\u00edtica de Privacidad de Saldeco, tambi\u00e9n referida como \u00abnosotros\u00bb o \u00abnos\u00bb. Este Aviso resume en t\u00e9rminos generales los derechos y obligaciones de nuestros clientes, miembros y otros visitantes de nuestro sitio web o aquellos que interact\u00faan de [&hellip;]<\/p>\n","protected":false},"author":2,"featured_media":0,"parent":0,"menu_order":0,"comment_status":"closed","ping_status":"closed","template":"","meta":{"footnotes":""},"class_list":["post-1184","page","type-page","status-publish","hentry"],"yoast_head":"<!-- This site is optimized with the Yoast SEO plugin v23.6 - https:\/\/yoast.com\/wordpress\/plugins\/seo\/ -->\n<title>Pol\u00edtica de Privacidad &#8211; Saldeco<\/title>\n<meta name=\"robots\" content=\"index, follow, max-snippet:-1, max-image-preview:large, max-video-preview:-1\" \/>\n<link rel=\"canonical\" href=\"https:\/\/saldecoperu.com\/es\/politica-de-privacidad\/\" \/>\n<meta property=\"og:locale\" content=\"es_ES\" \/>\n<meta property=\"og:type\" content=\"article\" \/>\n<meta property=\"og:title\" content=\"Pol\u00edtica de Privacidad &#8211; Saldeco\" \/>\n<meta property=\"og:description\" content=\"[vc_row el_class=\u00bbinfo-legal\u00bb conditional_render=\u00bb%5B%7B%22value_role%22%3A%22administrator%22%7D%5D\u00bb][vc_column][vc_column_text css=\u00bb\u00bb] Pol\u00edtica de Privacidad [\/vc_column_text][vc_column_text css=\u00bb\u00bb]Este aviso de privacidad (\u00abAviso\u00bb) identifica caracter\u00edsticas importantes de la Pol\u00edtica de Privacidad de Saldeco, tambi\u00e9n referida como \u00abnosotros\u00bb o \u00abnos\u00bb. Este Aviso resume en t\u00e9rminos generales los derechos y obligaciones de nuestros clientes, miembros y otros visitantes de nuestro sitio web o aquellos que interact\u00faan de [&hellip;]\" \/>\n<meta property=\"og:url\" content=\"https:\/\/saldecoperu.com\/es\/politica-de-privacidad\/\" \/>\n<meta property=\"og:site_name\" content=\"Saldeco\" \/>\n<meta property=\"article:modified_time\" content=\"2024-08-14T05:15:46+00:00\" \/>\n<meta name=\"twitter:card\" content=\"summary_large_image\" \/>\n<meta name=\"twitter:label1\" content=\"Tiempo de lectura\" \/>\n\t<meta name=\"twitter:data1\" content=\"5 minutos\" \/>\n<script type=\"application\/ld+json\" class=\"yoast-schema-graph\">{\"@context\":\"https:\/\/schema.org\",\"@graph\":[{\"@type\":\"WebPage\",\"@id\":\"https:\/\/saldecoperu.com\/es\/politica-de-privacidad\/\",\"url\":\"https:\/\/saldecoperu.com\/es\/politica-de-privacidad\/\",\"name\":\"Pol\u00edtica de Privacidad &#8211; Saldeco\",\"isPartOf\":{\"@id\":\"https:\/\/saldecoperu.com\/#website\"},\"datePublished\":\"2024-07-04T03:56:34+00:00\",\"dateModified\":\"2024-08-14T05:15:46+00:00\",\"breadcrumb\":{\"@id\":\"https:\/\/saldecoperu.com\/es\/politica-de-privacidad\/#breadcrumb\"},\"inLanguage\":\"es\",\"potentialAction\":[{\"@type\":\"ReadAction\",\"target\":[\"https:\/\/saldecoperu.com\/es\/politica-de-privacidad\/\"]}]},{\"@type\":\"BreadcrumbList\",\"@id\":\"https:\/\/saldecoperu.com\/es\/politica-de-privacidad\/#breadcrumb\",\"itemListElement\":[{\"@type\":\"ListItem\",\"position\":1,\"name\":\"Home\",\"item\":\"https:\/\/saldecoperu.com\/es\/\"},{\"@type\":\"ListItem\",\"position\":2,\"name\":\"Pol\u00edtica de Privacidad\"}]},{\"@type\":\"WebSite\",\"@id\":\"https:\/\/saldecoperu.com\/#website\",\"url\":\"https:\/\/saldecoperu.com\/\",\"name\":\"Salcedo Per\u00fa\",\"description\":\"\",\"alternateName\":\"Salcedo Per\u00fa\",\"potentialAction\":[{\"@type\":\"SearchAction\",\"target\":{\"@type\":\"EntryPoint\",\"urlTemplate\":\"https:\/\/saldecoperu.com\/?s={search_term_string}\"},\"query-input\":{\"@type\":\"PropertyValueSpecification\",\"valueRequired\":true,\"valueName\":\"search_term_string\"}}],\"inLanguage\":\"es\"}]}<\/script>\n<!-- \/ Yoast SEO plugin. -->","yoast_head_json":{"title":"Pol\u00edtica de Privacidad &#8211; Saldeco","robots":{"index":"index","follow":"follow","max-snippet":"max-snippet:-1","max-image-preview":"max-image-preview:large","max-video-preview":"max-video-preview:-1"},"canonical":"https:\/\/saldecoperu.com\/es\/politica-de-privacidad\/","og_locale":"es_ES","og_type":"article","og_title":"Pol\u00edtica de Privacidad &#8211; Saldeco","og_description":"[vc_row el_class=\u00bbinfo-legal\u00bb conditional_render=\u00bb%5B%7B%22value_role%22%3A%22administrator%22%7D%5D\u00bb][vc_column][vc_column_text css=\u00bb\u00bb] Pol\u00edtica de Privacidad [\/vc_column_text][vc_column_text css=\u00bb\u00bb]Este aviso de privacidad (\u00abAviso\u00bb) identifica caracter\u00edsticas importantes de la Pol\u00edtica de Privacidad de Saldeco, tambi\u00e9n referida como \u00abnosotros\u00bb o \u00abnos\u00bb. Este Aviso resume en t\u00e9rminos generales los derechos y obligaciones de nuestros clientes, miembros y otros visitantes de nuestro sitio web o aquellos que interact\u00faan de [&hellip;]","og_url":"https:\/\/saldecoperu.com\/es\/politica-de-privacidad\/","og_site_name":"Saldeco","article_modified_time":"2024-08-14T05:15:46+00:00","twitter_card":"summary_large_image","twitter_misc":{"Tiempo de lectura":"5 minutos"},"schema":{"@context":"https:\/\/schema.org","@graph":[{"@type":"WebPage","@id":"https:\/\/saldecoperu.com\/es\/politica-de-privacidad\/","url":"https:\/\/saldecoperu.com\/es\/politica-de-privacidad\/","name":"Pol\u00edtica de Privacidad &#8211; Saldeco","isPartOf":{"@id":"https:\/\/saldecoperu.com\/#website"},"datePublished":"2024-07-04T03:56:34+00:00","dateModified":"2024-08-14T05:15:46+00:00","breadcrumb":{"@id":"https:\/\/saldecoperu.com\/es\/politica-de-privacidad\/#breadcrumb"},"inLanguage":"es","potentialAction":[{"@type":"ReadAction","target":["https:\/\/saldecoperu.com\/es\/politica-de-privacidad\/"]}]},{"@type":"BreadcrumbList","@id":"https:\/\/saldecoperu.com\/es\/politica-de-privacidad\/#breadcrumb","itemListElement":[{"@type":"ListItem","position":1,"name":"Home","item":"https:\/\/saldecoperu.com\/es\/"},{"@type":"ListItem","position":2,"name":"Pol\u00edtica de Privacidad"}]},{"@type":"WebSite","@id":"https:\/\/saldecoperu.com\/#website","url":"https:\/\/saldecoperu.com\/","name":"Salcedo Per\u00fa","description":"","alternateName":"Salcedo Per\u00fa","potentialAction":[{"@type":"SearchAction","target":{"@type":"EntryPoint","urlTemplate":"https:\/\/saldecoperu.com\/?s={search_term_string}"},"query-input":{"@type":"PropertyValueSpecification","valueRequired":true,"valueName":"search_term_string"}}],"inLanguage":"es"}]}},"_links":{"self":[{"href":"https:\/\/saldecoperu.com\/es\/wp-json\/wp\/v2\/pages\/1184","targetHints":{"allow":["GET"]}}],"collection":[{"href":"https:\/\/saldecoperu.com\/es\/wp-json\/wp\/v2\/pages"}],"about":[{"href":"https:\/\/saldecoperu.com\/es\/wp-json\/wp\/v2\/types\/page"}],"author":[{"embeddable":true,"href":"https:\/\/saldecoperu.com\/es\/wp-json\/wp\/v2\/users\/2"}],"replies":[{"embeddable":true,"href":"https:\/\/saldecoperu.com\/es\/wp-json\/wp\/v2\/comments?post=1184"}],"version-history":[{"count":3,"href":"https:\/\/saldecoperu.com\/es\/wp-json\/wp\/v2\/pages\/1184\/revisions"}],"predecessor-version":[{"id":1187,"href":"https:\/\/saldecoperu.com\/es\/wp-json\/wp\/v2\/pages\/1184\/revisions\/1187"}],"wp:attachment":[{"href":"https:\/\/saldecoperu.com\/es\/wp-json\/wp\/v2\/media?parent=1184"}],"curies":[{"name":"wp","href":"https:\/\/api.w.org\/{rel}","templated":true}]}}